{"id":115,"date":"2015-04-13T10:20:35","date_gmt":"2015-04-13T10:20:35","guid":{"rendered":"http:\/\/komiza-nina.com\/?page_id=115"},"modified":"2024-02-15T06:42:39","modified_gmt":"2024-02-15T06:42:39","slug":"lappartamento-rosa","status":"publish","type":"page","link":"https:\/\/komiza-nina.com\/it\/alloggio\/lappartamento-rosa\/","title":{"rendered":"Black&#038;White Chill Out Komi\u017ea"},"content":{"rendered":"\n<p>Appartamento Black&amp;white Chill out Komi\u017ea (2+2), superficie 40 m2, esposto a ovest. L&#8217;aspetto positivo di questo appartamento \u00e8 l&#8217;isolamento e la privacy con un terrazzo con verde che rinfresca le calde mattine e giornate estive.<\/p>\n\n\n\n<p>L&#8217;appartamento \u00e8 dotato di parcheggio, attrezzatura da cucina, biancheria da bagno e da letto, Internet Wi-Fi e aria condizionata. La cucina \u00e8 completamente attrezzata con elettrodomestici e lavastoviglie, mentre il bagno \u00e8 dotato di lavatrice e asciugatrice. Garantisce in particolare la privacy e il godimento indisturbato della vostra vacanza.<\/p>\n\n\n\n<p>In inverno l&#8217;appartamento garantisce un piacevole calore grazie al riscaldamento a pavimento nel soggiorno e nel bagno.<\/p>\n\n\n\n<p>Il cortile \u00e8 a vostra disposizione con relativi tavoli all&#8217;aperto per godersi senza ostacoli i rituali mattutini. \u00c8 consentito fumare, cos\u00ec come gli animali domestici, dato che il nostro giardino \u00e8 circondato da diversi animali. E&#8217; consentito l&#8217;uso illimitato del camino con legna a disposizione.<\/p>\n","protected":false},"excerpt":{"rendered":"<p>Appartamento Black&amp;white Chill out Komi\u017ea (2+2), superficie 40 m2, esposto a ovest. L&#8217;aspetto positivo di questo appartamento \u00e8 [&hellip;]<\/p>\n","protected":false},"author":1,"featured_media":5454,"parent":107,"menu_order":0,"comment_status":"closed","ping_status":"closed","template":"","meta":{"footnotes":""},"class_list":["post-115","page","type-page","status-publish","has-post-thumbnail","hentry"],"_links":{"self":[{"href":"https:\/\/komiza-nina.com\/it\/wp-json\/wp\/v2\/pages\/115","targetHints":{"allow":["GET"]}}],"collection":[{"href":"https:\/\/komiza-nina.com\/it\/wp-json\/wp\/v2\/pages"}],"about":[{"href":"https:\/\/komiza-nina.com\/it\/wp-json\/wp\/v2\/types\/page"}],"author":[{"embeddable":true,"href":"https:\/\/komiza-nina.com\/it\/wp-json\/wp\/v2\/users\/1"}],"replies":[{"embeddable":true,"href":"https:\/\/komiza-nina.com\/it\/wp-json\/wp\/v2\/comments?post=115"}],"version-history":[{"count":0,"href":"https:\/\/komiza-nina.com\/it\/wp-json\/wp\/v2\/pages\/115\/revisions"}],"up":[{"embeddable":true,"href":"https:\/\/komiza-nina.com\/it\/wp-json\/wp\/v2\/pages\/107"}],"wp:featuredmedia":[{"embeddable":true,"href":"https:\/\/komiza-nina.com\/it\/wp-json\/wp\/v2\/media\/5454"}],"wp:attachment":[{"href":"https:\/\/komiza-nina.com\/it\/wp-json\/wp\/v2\/media?parent=115"}],"curies":[{"name":"wp","href":"https:\/\/api.w.org\/{rel}","templated":true}]}}