{"id":111,"date":"2015-04-13T09:27:15","date_gmt":"2015-04-13T09:27:15","guid":{"rendered":"http:\/\/komiza-nina.com\/?page_id=111"},"modified":"2024-02-15T06:43:56","modified_gmt":"2024-02-15T06:43:56","slug":"lappartamento-rosso","status":"publish","type":"page","link":"https:\/\/komiza-nina.com\/it\/alloggio\/lappartamento-rosso\/","title":{"rendered":"Incantevole vista su Komi\u017ea"},"content":{"rendered":"\n<p>Appartamento Incantevole vista mare (6+3) ha una superficie di 110m2 e si trova al 2\u00b0 piano di una casa privata; soffitta alta. \u00c8 rivolta a sud-ovest, cio\u00e8 verso il blu del mare, che Komi\u017ea stupisce immediatamente. Si compone di tre camere da letto, 2 bagni, un ampio soggiorno e i balconi delle due camere. L&#8217;ideale di questo appartamento \u00e8 la sua spaziosit\u00e0 e comfort, consigliato per una vacanza in famiglia o per un gruppo numeroso desideroso di esplorare l&#8217;isola di Vis. Il valore inestimabile di questo appartamento \u00e8 la vista su tutta la baia di Komi\u017ea e sull&#8217;isola di Bi\u0161evo, nonch\u00e9 la pace che offre la casa.<\/p>\n\n\n\n<p>L&#8217;appartamento comprende parcheggio, attrezzatura completa da cucina, biancheria da bagno e da letto, Internet Wi-Fi e due condizionatori d&#8217;aria. L&#8217;appartamento \u00e8 dotato di lavatrice e lavastoviglie. Garantisce privacy e godimento indisturbato della vacanza.<\/p>\n\n\n\n<p>Il cortile \u00e8 a disposizione di tutti con i relativi tavoli all&#8217;aperto per un divertimento senza ostacoli.<\/p>\n\n\n\n<p>\u00c8 consentito fumare, cos\u00ec come gli animali domestici, dato che il nostro giardino \u00e8 circondato da diversi animali.<\/p>\n\n\n\n<p>E&#8217; consentito l&#8217;uso illimitato del camino con legna a disposizione.<\/p>\n","protected":false},"excerpt":{"rendered":"<p>Appartamento Incantevole vista mare (6+3) ha una superficie di 110m2 e si trova al 2\u00b0 piano di una [&hellip;]<\/p>\n","protected":false},"author":1,"featured_media":0,"parent":107,"menu_order":0,"comment_status":"closed","ping_status":"closed","template":"","meta":{"footnotes":""},"class_list":["post-111","page","type-page","status-publish","hentry"],"_links":{"self":[{"href":"https:\/\/komiza-nina.com\/it\/wp-json\/wp\/v2\/pages\/111","targetHints":{"allow":["GET"]}}],"collection":[{"href":"https:\/\/komiza-nina.com\/it\/wp-json\/wp\/v2\/pages"}],"about":[{"href":"https:\/\/komiza-nina.com\/it\/wp-json\/wp\/v2\/types\/page"}],"author":[{"embeddable":true,"href":"https:\/\/komiza-nina.com\/it\/wp-json\/wp\/v2\/users\/1"}],"replies":[{"embeddable":true,"href":"https:\/\/komiza-nina.com\/it\/wp-json\/wp\/v2\/comments?post=111"}],"version-history":[{"count":0,"href":"https:\/\/komiza-nina.com\/it\/wp-json\/wp\/v2\/pages\/111\/revisions"}],"up":[{"embeddable":true,"href":"https:\/\/komiza-nina.com\/it\/wp-json\/wp\/v2\/pages\/107"}],"wp:attachment":[{"href":"https:\/\/komiza-nina.com\/it\/wp-json\/wp\/v2\/media?parent=111"}],"curies":[{"name":"wp","href":"https:\/\/api.w.org\/{rel}","templated":true}]}}