{"id":105,"date":"2015-04-13T09:21:16","date_gmt":"2015-04-13T09:21:16","guid":{"rendered":"http:\/\/komiza-nina.com\/?page_id=105"},"modified":"2015-06-22T07:39:50","modified_gmt":"2015-06-22T07:39:50","slug":"isola-di-vis","status":"publish","type":"page","link":"https:\/\/komiza-nina.com\/it\/isola-di-vis\/","title":{"rendered":"Isola di Vis"},"content":{"rendered":"<p>La superficie dell\u2019isola \u00e8 cca 90 km2 con le innumerevoli baie e spiagge e natura intatta.<\/p>\n<p>Si pu\u00f2 visitare tante grotte e le localit\u00e0 particolari, specifiche (vecchi impianti militari) ed entroterra l\u2019agriturismo.<\/p>\n<p>Siamo alla vostra disposizione per tutte le informazioni che vi interessano.<\/p>\n<p>Komi\u017ea dista dalla citt\u00e0 di Vis cca 10 km ed \u00e8 collegata con l\u2019autobus.<\/p>\n<p>\u00c8 importante visitare l\u2019isola di Bi\u0161evo con le innumerevoli spiagge e la famosa Grotta azzurra.<\/p>\n<p>La lontananza dell\u2019isola di Vis vi d\u00e0 la possibilit\u00e0 di vivere un\u2019altra dimensione della nostra Terra, la natura intatta, la pace e l\u2019anima al primo posto.<\/p>\n<p>Dopo Komi\u017ea i ricordi saranno profondi e indimenticabili.<\/p>\n","protected":false},"excerpt":{"rendered":"<p>La superficie dell\u2019isola \u00e8 cca 90 km2 con le innumerevoli baie e spiagge e natura intatta. Si pu\u00f2 visitare tante grotte e le localit\u00e0 particolari, specifiche (vecchi impianti militari) ed entroterra l\u2019agriturismo. Dopo Komi\u017ea i ricordi saranno profondi e indimenticabili.<\/p>\n","protected":false},"author":1,"featured_media":0,"parent":0,"menu_order":0,"comment_status":"closed","ping_status":"closed","template":"","meta":{"footnotes":""},"class_list":["post-105","page","type-page","status-publish","hentry"],"_links":{"self":[{"href":"https:\/\/komiza-nina.com\/it\/wp-json\/wp\/v2\/pages\/105","targetHints":{"allow":["GET"]}}],"collection":[{"href":"https:\/\/komiza-nina.com\/it\/wp-json\/wp\/v2\/pages"}],"about":[{"href":"https:\/\/komiza-nina.com\/it\/wp-json\/wp\/v2\/types\/page"}],"author":[{"embeddable":true,"href":"https:\/\/komiza-nina.com\/it\/wp-json\/wp\/v2\/users\/1"}],"replies":[{"embeddable":true,"href":"https:\/\/komiza-nina.com\/it\/wp-json\/wp\/v2\/comments?post=105"}],"version-history":[{"count":0,"href":"https:\/\/komiza-nina.com\/it\/wp-json\/wp\/v2\/pages\/105\/revisions"}],"wp:attachment":[{"href":"https:\/\/komiza-nina.com\/it\/wp-json\/wp\/v2\/media?parent=105"}],"curies":[{"name":"wp","href":"https:\/\/api.w.org\/{rel}","templated":true}]}}